{"id":2926,"date":"2025-06-13T09:34:07","date_gmt":"2025-06-13T12:34:07","guid":{"rendered":"https:\/\/mercadaomoveis.com\/?post_type=product&#038;p=2926"},"modified":"2026-02-06T10:16:24","modified_gmt":"2026-02-06T13:16:24","slug":"rack-para-tv-ate-75-polegadas-por-apenas-r92497-a-vista","status":"publish","type":"product","link":"https:\/\/mercadaomoveis.com\/index.php\/product\/rack-para-tv-ate-75-polegadas-por-apenas-r92497-a-vista\/","title":{"rendered":"Rack Para TV at\u00e9 75&#8243; Polegadas &#8211; Por apenas R$924,97 \u00e0 vista"},"content":{"rendered":"<p>O Rack Magnum \u00e9 mais que um m\u00f3vel \u2013 \u00e9 uma express\u00e3o de arte e sofistica\u00e7\u00e3o para o seu lar. Com seu tampo elegante em Tamburato curvo de 50mm, ele transmite um equil\u00edbrio perfeito entre modernidade e suavidade, refletindo a fluidez das formas org\u00e2nicas que est\u00e3o no cora\u00e7\u00e3o de sua cria\u00e7\u00e3o. A porta ripada, que desliza em curva, adiciona um toque de movimento e encanto, um detalhe sutil que encanta os olhos a cada olhar.<\/p>\n<p>MEDIDAS:<br \/>\n&#8211; Altura: 55 cm<br \/>\n&#8211; Largura:180 cm<br \/>\n&#8211; Profundidade: 45 cm<\/p>\n<p>CARACTER\u00cdSTICAS:<br \/>\n&#8211; Produto testado: suporta com seguran\u00e7a televisores ultra widescreen e widescreen de at\u00e9 75 polegadas;<br \/>\n&#8211; Elegante tampo em Tamburato curvo de 50mm de espessura<br \/>\n&#8211; Porta ripada que desliza em curva<br \/>\n&#8211; Porta revers\u00edvel: a cor pode ser escolhida durante a montagem<br \/>\n&#8211; Design org\u00e2nico, atual e exclusivo<br \/>\n&#8211; Sofisticado puxador de alum\u00ednio<br \/>\n&#8211; Estrutura resistente de MDF\/MDP de 15mm de espessura com pintura UV<\/p>\n<p>RECOMENDA\u00c7\u00c3O:<br \/>\n&#8211; Para maior durabilidade, recomenda-se que a limpeza seja feita com pano limpo e levemente umedecido em \u00e1gua e sab\u00e3o neutro. Em seguida, dever\u00e1 ser passado um pano limpo e seco.<br \/>\n&#8211; N\u00e3o utilizar material \u00e1spero.<br \/>\n&#8211; N\u00e3o utilizar solventes a base e de inflam\u00e1veis.<\/p>\n<p>ENTREGA E MONTAGEM:<br \/>\n&#8211; Entregamos gr\u00e1tis em Ananindeua, Bel\u00e9m, Icoaraci, Marituba e proximidades. Entre em contato os nossos vendedores para verificar condi\u00e7\u00f5es.<br \/>\n&#8211; Produto necessita de montagem. N\u00e3o nos responsabilizamos pela montagem incorreta do produto.<br \/>\n&#8211; Os nossos m\u00f3veis s\u00e3o entregues desmontados e todos acompanham manual com instru\u00e7\u00f5es de montagem.<br \/>\n&#8211; Sempre verifique o n\u00edvel de complexidade de montagem e em caso de d\u00favida n\u00e3o monte sozinho (a), contrate um profissional.<br \/>\n&#8211; Temos a nossa op\u00e7\u00e3o de montagem expressa. Entre em contato com os nossos vendedores para verificar condi\u00e7\u00f5es.<\/p>\n<p>GARANTIA:<br \/>\n&#8211; A garantia do produto \u00e9 fornecida pelo fabricante durante 3 meses contra defeito de fabrica\u00e7\u00e3o.<br \/>\n&#8211; Mau uso, montagem incorreta ou mofo N\u00c3O est\u00e3o inclusos na garantia.<\/p>\n<p>IMAGENS:<br \/>\n&#8211; As imagens ambientadas s\u00e3o meramente ilustrativas e podem apresentar itens que n\u00e3o comp\u00f5e o produto.<br \/>\n&#8211; Objetos decorativos da imagem n\u00e3o acompanham o produto.<br \/>\n&#8211; As cores do produto podem sofrer varia\u00e7\u00e3o de acordo com o seu monitor a ilumina\u00e7\u00e3o do seu ambiente ou sua percep\u00e7\u00e3o visual.<\/p>\n<p>INFORMA\u00c7\u00d5ES COMPLEMENTARES:<br \/>\n&#8211; Marca: Artely M\u00f3veis<\/p>\n","protected":false},"excerpt":{"rendered":"<p>Rack Para TV at\u00e9 75&#8243; Polegadas<br \/>\n<strong>Por apenas R$924,97 \u00e0 vista, consulte o pre\u00e7o parcelado em at\u00e9 12x nos cart\u00f5es<\/strong><\/p>\n<p>Data: 06\/02\/2026<\/p>\n","protected":false},"featured_media":2927,"comment_status":"open","ping_status":"closed","template":"","meta":{"site-sidebar-layout":"default","site-content-layout":"","ast-site-content-layout":"default","site-content-style":"default","site-sidebar-style":"default","ast-global-header-display":"","ast-banner-title-visibility":"","ast-main-header-display":"","ast-hfb-above-header-display":"","ast-hfb-below-header-display":"","ast-hfb-mobile-header-display":"","site-post-title":"","ast-breadcrumbs-content":"","ast-featured-img":"","footer-sml-layout":"","theme-transparent-header-meta":"default","adv-header-id-meta":"","stick-header-meta":"","header-above-stick-meta":"","header-main-stick-meta":"","header-below-stick-meta":"","astra-migrate-meta-layouts":"set","ast-page-background-enabled":"default","ast-page-background-meta":{"desktop":{"background-color":"var(--ast-global-color-4)","background-image":"","background-repeat":"repeat","background-position":"center center","background-size":"auto","background-attachment":"scroll","background-type":"","background-media":"","overlay-type":"","overlay-color":"","overlay-gradient":""},"tablet":{"background-color":"","background-image":"","background-repeat":"repeat","background-position":"center center","background-size":"auto","background-attachment":"scroll","background-type":"","background-media":"","overlay-type":"","overlay-color":"","overlay-gradient":""},"mobile":{"background-color":"","background-image":"","background-repeat":"repeat","background-position":"center center","background-size":"auto","background-attachment":"scroll","background-type":"","background-media":"","overlay-type":"","overlay-color":"","overlay-gradient":""}},"ast-content-background-meta":{"desktop":{"background-color":"var(--ast-global-color-5)","background-image":"","background-repeat":"repeat","background-position":"center center","background-size":"auto","background-attachment":"scroll","background-type":"","background-media":"","overlay-type":"","overlay-color":"","overlay-gradient":""},"tablet":{"background-color":"var(--ast-global-color-5)","background-image":"","background-repeat":"repeat","background-position":"center center","background-size":"auto","background-attachment":"scroll","background-type":"","background-media":"","overlay-type":"","overlay-color":"","overlay-gradient":""},"mobile":{"background-color":"var(--ast-global-color-5)","background-image":"","background-repeat":"repeat","background-position":"center center","background-size":"auto","background-attachment":"scroll","background-type":"","background-media":"","overlay-type":"","overlay-color":"","overlay-gradient":""}}},"product_cat":[43,25],"product_tag":[],"_links":{"self":[{"href":"https:\/\/mercadaomoveis.com\/index.php\/wp-json\/wp\/v2\/product\/2926"}],"collection":[{"href":"https:\/\/mercadaomoveis.com\/index.php\/wp-json\/wp\/v2\/product"}],"about":[{"href":"https:\/\/mercadaomoveis.com\/index.php\/wp-json\/wp\/v2\/types\/product"}],"replies":[{"embeddable":true,"href":"https:\/\/mercadaomoveis.com\/index.php\/wp-json\/wp\/v2\/comments?post=2926"}],"wp:featuredmedia":[{"embeddable":true,"href":"https:\/\/mercadaomoveis.com\/index.php\/wp-json\/wp\/v2\/media\/2927"}],"wp:attachment":[{"href":"https:\/\/mercadaomoveis.com\/index.php\/wp-json\/wp\/v2\/media?parent=2926"}],"wp:term":[{"taxonomy":"product_cat","embeddable":true,"href":"https:\/\/mercadaomoveis.com\/index.php\/wp-json\/wp\/v2\/product_cat?post=2926"},{"taxonomy":"product_tag","embeddable":true,"href":"https:\/\/mercadaomoveis.com\/index.php\/wp-json\/wp\/v2\/product_tag?post=2926"}],"curies":[{"name":"wp","href":"https:\/\/api.w.org\/{rel}","templated":true}]}}