{"id":2650,"date":"2025-04-23T15:14:52","date_gmt":"2025-04-23T18:14:52","guid":{"rendered":"https:\/\/mercadaomoveis.com\/?post_type=product&#038;p=2650"},"modified":"2025-10-20T14:17:09","modified_gmt":"2025-10-20T17:17:09","slug":"kit-armario-aereo-balcao-com-5-portas-e-1-gaveta-por-apenas-r57997-a-vista","status":"publish","type":"product","link":"https:\/\/mercadaomoveis.com\/index.php\/product\/kit-armario-aereo-balcao-com-5-portas-e-1-gaveta-por-apenas-r57997-a-vista\/","title":{"rendered":"Kit Arm\u00e1rio A\u00e9reo + Balc\u00e3o Com 5 Portas e 1 Gaveta \u2013 Por apenas R$549,97 \u00e0 vista"},"content":{"rendered":"<p>O Combo Lemon da Nicioli combina design moderno e praticidade em um s\u00f3 conjunto. Com 5 portas e 1 gaveta, oferece amplo espa\u00e7o para manter tudo organizado. Os puxadores em MDF trazem um toque sofisticado, enquanto as corredi\u00e7as telesc\u00f3picas e os p\u00e9s com regulagem garantem mais conforto no uso di\u00e1rio. Ideal para quem busca beleza e efici\u00eancia no ambiente!<\/p>\n<p>MEDIDAS:<br \/>\nA\u00e9reo:<br \/>\n\u2013 Altura: 60 cm<br \/>\n\u2013 Largura: 91 cm<br \/>\n\u2013 Profundidade: 28 cm<br \/>\nBalc\u00e3o:<br \/>\n\u2013 Altura: 78 cm<br \/>\n\u2013 Largura: 91 cm<br \/>\n\u2013 Profundidade: 43 cm<\/p>\n<p>Caracter\u00edsticas:<br \/>\n\u2013 Estrutura em MDP<br \/>\n\u2013 Pintura UV<br \/>\n\u2013 05 Portas articuladas com dobradi\u00e7as met\u00e1licas<br \/>\n\u2013 01 Gaveta com corredi\u00e7as telesc\u00f3picas<br \/>\n\u2013 Prateleiras com amplo espa\u00e7o interno<br \/>\n\u2013 Puxadores modernos<br \/>\n\u2013 P\u00e9s com regulagem de altura<\/p>\n<p>\u2013 COR: Freij\u00f3 \/ Off White Cristal<\/p>\n<p>RECOMENDA\u00c7\u00c3O:<br \/>\n\u2013 Para maior durabilidade, recomenda-se que a limpeza seja feita com pano limpo<br \/>\ne levemente umedecido em \u00e1gua e sab\u00e3o neutro. Em seguida, dever\u00e1 ser passado um pano limpo e seco.<br \/>\n\u2013 N\u00e3o utilizar material \u00e1spero.<br \/>\n\u2013 N\u00e3o utilizar solventes a base e de inflam\u00e1veis.<\/p>\n<p>ENTREGA E MONTAGEM:<br \/>\n\u2013 Entregamos gr\u00e1tis em Ananindeua, Bel\u00e9m, Icoaraci, Marituba e proximidades. Entre em contato os nossos vendedores para verificar condi\u00e7\u00f5es.<br \/>\n\u2013 Produto necessita de montagem. N\u00e3o nos responsabilizamos pela montagem incorreta do produto.<br \/>\n\u2013 Os nossos m\u00f3veis s\u00e3o entregues desmontados e todos acompanham manual com instru\u00e7\u00f5es de montagem.<br \/>\n\u2013 Sempre verifique o n\u00edvel de complexidade de montagem e em caso de d\u00favida n\u00e3o monte sozinho (a), contrate um profissional.<br \/>\n\u2013 Temos a nossa op\u00e7\u00e3o de montagem expressa. Entre em contato com os nossos vendedores para verificar condi\u00e7\u00f5es.<\/p>\n<p>GARANTIA:<br \/>\n\u2013 A garantia do produto \u00e9 fornecida pelo fabricante durante 3 meses contra defeito de fabrica\u00e7\u00e3o.<br \/>\n\u2013 Mau uso, montagem incorreta ou mofo N\u00c3O est\u00e3o inclusos na garantia.<\/p>\n<p>IMAGENS:<br \/>\n\u2013 As imagens ambientadas s\u00e3o meramente ilustrativas e podem apresentar itens que n\u00e3o comp\u00f5e o produto.<br \/>\n\u2013 Objetos decorativos da imagem n\u00e3o acompanham o produto.<br \/>\n\u2013 As cores do produto podem sofrer varia\u00e7\u00e3o de acordo com o seu monitor a ilumina\u00e7\u00e3o do seu ambiente ou sua percep\u00e7\u00e3o visual.<\/p>\n<p>INFORMA\u00c7\u00d5ES COMPLEMENTARES:<br \/>\nMarca: Nicioli<\/p>\n","protected":false},"excerpt":{"rendered":"<p><strong>Por apenas R$549,97 \u00e0 vista, consulte o pre\u00e7o parcelado em at\u00e9 12x<\/strong><\/p>\n<p>Ou consulte nosso credi\u00e1rio em at\u00e9 36x com os nossos vendedores.<\/p>\n<p>DATA: 20\/10\/2025<\/p>\n","protected":false},"featured_media":2651,"comment_status":"open","ping_status":"closed","template":"","meta":{"site-sidebar-layout":"default","site-content-layout":"","ast-site-content-layout":"default","site-content-style":"default","site-sidebar-style":"default","ast-global-header-display":"","ast-banner-title-visibility":"","ast-main-header-display":"","ast-hfb-above-header-display":"","ast-hfb-below-header-display":"","ast-hfb-mobile-header-display":"","site-post-title":"","ast-breadcrumbs-content":"","ast-featured-img":"","footer-sml-layout":"","theme-transparent-header-meta":"default","adv-header-id-meta":"","stick-header-meta":"","header-above-stick-meta":"","header-main-stick-meta":"","header-below-stick-meta":"","astra-migrate-meta-layouts":"set","ast-page-background-enabled":"default","ast-page-background-meta":{"desktop":{"background-color":"var(--ast-global-color-4)","background-image":"","background-repeat":"repeat","background-position":"center center","background-size":"auto","background-attachment":"scroll","background-type":"","background-media":"","overlay-type":"","overlay-color":"","overlay-gradient":""},"tablet":{"background-color":"","background-image":"","background-repeat":"repeat","background-position":"center center","background-size":"auto","background-attachment":"scroll","background-type":"","background-media":"","overlay-type":"","overlay-color":"","overlay-gradient":""},"mobile":{"background-color":"","background-image":"","background-repeat":"repeat","background-position":"center center","background-size":"auto","background-attachment":"scroll","background-type":"","background-media":"","overlay-type":"","overlay-color":"","overlay-gradient":""}},"ast-content-background-meta":{"desktop":{"background-color":"var(--ast-global-color-5)","background-image":"","background-repeat":"repeat","background-position":"center center","background-size":"auto","background-attachment":"scroll","background-type":"","background-media":"","overlay-type":"","overlay-color":"","overlay-gradient":""},"tablet":{"background-color":"var(--ast-global-color-5)","background-image":"","background-repeat":"repeat","background-position":"center center","background-size":"auto","background-attachment":"scroll","background-type":"","background-media":"","overlay-type":"","overlay-color":"","overlay-gradient":""},"mobile":{"background-color":"var(--ast-global-color-5)","background-image":"","background-repeat":"repeat","background-position":"center center","background-size":"auto","background-attachment":"scroll","background-type":"","background-media":"","overlay-type":"","overlay-color":"","overlay-gradient":""}}},"product_cat":[33],"product_tag":[],"_links":{"self":[{"href":"https:\/\/mercadaomoveis.com\/index.php\/wp-json\/wp\/v2\/product\/2650"}],"collection":[{"href":"https:\/\/mercadaomoveis.com\/index.php\/wp-json\/wp\/v2\/product"}],"about":[{"href":"https:\/\/mercadaomoveis.com\/index.php\/wp-json\/wp\/v2\/types\/product"}],"replies":[{"embeddable":true,"href":"https:\/\/mercadaomoveis.com\/index.php\/wp-json\/wp\/v2\/comments?post=2650"}],"wp:featuredmedia":[{"embeddable":true,"href":"https:\/\/mercadaomoveis.com\/index.php\/wp-json\/wp\/v2\/media\/2651"}],"wp:attachment":[{"href":"https:\/\/mercadaomoveis.com\/index.php\/wp-json\/wp\/v2\/media?parent=2650"}],"wp:term":[{"taxonomy":"product_cat","embeddable":true,"href":"https:\/\/mercadaomoveis.com\/index.php\/wp-json\/wp\/v2\/product_cat?post=2650"},{"taxonomy":"product_tag","embeddable":true,"href":"https:\/\/mercadaomoveis.com\/index.php\/wp-json\/wp\/v2\/product_tag?post=2650"}],"curies":[{"name":"wp","href":"https:\/\/api.w.org\/{rel}","templated":true}]}}