{"id":2526,"date":"2025-04-16T11:04:18","date_gmt":"2025-04-16T14:04:18","guid":{"rendered":"https:\/\/mercadaomoveis.com\/?post_type=product&#038;p=2526"},"modified":"2025-09-12T14:30:32","modified_gmt":"2025-09-12T17:30:32","slug":"multiuso-2-portas-por-apenas-r30497-a-vista","status":"publish","type":"product","link":"https:\/\/mercadaomoveis.com\/index.php\/product\/multiuso-2-portas-por-apenas-r30497-a-vista\/","title":{"rendered":"Multiuso 2 Portas &#8211; Por apenas R$304,97 \u00e0 vista"},"content":{"rendered":"<p><span class=\"OYPEnA text-decoration-none text-strikethrough-none\">O\u00a0<strong>Multiuso 2 Portas <\/strong>\u00e9 v<\/span>ers\u00e1til e adapt\u00e1vel, este m\u00f3vel pode ser facilmente integrado a diferentes ambientes, atendendo \u00e0s necessidades de cada cliente. Com 2 portas de giro equipadas com dobradi\u00e7as resistentes de 26mm e puxadores em ABS para uma abertura suave. Seu amplo espa\u00e7o interno \u00e9 composto por 4 prateleiras e 5 nichos, oferecendo espa\u00e7o de sobra para organizar diversos objetos. Feito com MDP dur\u00e1vel de 12 mm e com um rodap\u00e9 que garante estabilidade. Com montagem simples e eficiente, este multiuso \u00e9 a escolha ideal para quem busca praticidade e organiza\u00e7\u00e3o em casa.<\/p>\n<p>MEDIDAS:<br \/>\n&#8211; Altura: 169 cm<br \/>\n&#8211; Largura: 56 cm<br \/>\n&#8211; Profundidade: 33,5 cm<\/p>\n<p>CARACTER\u00cdSTICAS:<br \/>\n&#8211; Material em estrutura MDP<\/p>\n<p>&#8211; Cor: Legno<\/p>\n<p>RECOMENDA\u00c7\u00c3O:<br \/>\n&#8211; Para maior durabilidade, recomenda-se que a limpeza seja feita com pano limpo e levemente umedecido em \u00e1gua e sab\u00e3o neutro. Em seguida, dever\u00e1 ser passado um pano limpo e seco.<br \/>\n&#8211; N\u00e3o utilizar material \u00e1spero.<br \/>\n&#8211; N\u00e3o utilizar solventes a base e de inflam\u00e1veis.<\/p>\n<p>ENTREGA E MONTAGEM:<br \/>\n&#8211; Entregamos gr\u00e1tis em Ananindeua, Bel\u00e9m, Icoaraci, Marituba e proximidades. Entre em contato os nossos vendedores para verificar condi\u00e7\u00f5es.<br \/>\n&#8211; Produto necessita de montagem. N\u00e3o nos responsabilizamos pela montagem incorreta do produto.<br \/>\n&#8211; Os nossos m\u00f3veis s\u00e3o entregues desmontados e todos acompanham manual com instru\u00e7\u00f5es de montagem.<br \/>\n&#8211; Sempre verifique o n\u00edvel de complexidade de montagem e em caso de d\u00favida n\u00e3o monte sozinho (a), contrate um profissional.<br \/>\n&#8211; Temos a nossa op\u00e7\u00e3o de montagem expressa. Entre em contato com os nossos vendedores para verificar condi\u00e7\u00f5es.<\/p>\n<p>GARANTIA:<br \/>\n&#8211; A garantia do produto \u00e9 fornecida pelo fabricante durante 3 meses contra defeito de fabrica\u00e7\u00e3o.<br \/>\n&#8211; Mau uso, montagem incorreta ou mofo N\u00c3O est\u00e3o inclusos na garantia.<\/p>\n<p>IMAGENS:<br \/>\n&#8211; As imagens ambientadas s\u00e3o meramente ilustrativas e podem apresentar itens que n\u00e3o comp\u00f5e o produto.<br \/>\n&#8211; Objetos decorativos da imagem n\u00e3o acompanham o produto.<br \/>\n&#8211; As cores do produto podem sofrer varia\u00e7\u00e3o de acordo com o seu monitor a ilumina\u00e7\u00e3o do seu ambiente ou sua percep\u00e7\u00e3o visual.<\/p>\n<p>INFORMA\u00c7\u00d5ES COMPLEMENTARES:<br \/>\n&#8211; Marca: M\u00f3veis Carraro<\/p>\n","protected":false},"excerpt":{"rendered":"<p>Multiuso 2 Portas<br \/>\n<strong>Por apenas R$ 304,97 \u00e0 vista, consulte o pre\u00e7o parcelado em at\u00e9 12x nos cart\u00f5es.<\/strong><\/p>\n<p>Ou consulte nosso credi\u00e1rio em at\u00e9 36x com os nossos vendedores.<\/p>\n<p>DATA: 16\/04\/2025.<\/p>\n","protected":false},"featured_media":2527,"comment_status":"open","ping_status":"closed","template":"","meta":{"site-sidebar-layout":"default","site-content-layout":"","ast-site-content-layout":"default","site-content-style":"default","site-sidebar-style":"default","ast-global-header-display":"","ast-banner-title-visibility":"","ast-main-header-display":"","ast-hfb-above-header-display":"","ast-hfb-below-header-display":"","ast-hfb-mobile-header-display":"","site-post-title":"","ast-breadcrumbs-content":"","ast-featured-img":"","footer-sml-layout":"","theme-transparent-header-meta":"default","adv-header-id-meta":"","stick-header-meta":"","header-above-stick-meta":"","header-main-stick-meta":"","header-below-stick-meta":"","astra-migrate-meta-layouts":"set","ast-page-background-enabled":"default","ast-page-background-meta":{"desktop":{"background-color":"var(--ast-global-color-4)","background-image":"","background-repeat":"repeat","background-position":"center center","background-size":"auto","background-attachment":"scroll","background-type":"","background-media":"","overlay-type":"","overlay-color":"","overlay-gradient":""},"tablet":{"background-color":"","background-image":"","background-repeat":"repeat","background-position":"center center","background-size":"auto","background-attachment":"scroll","background-type":"","background-media":"","overlay-type":"","overlay-color":"","overlay-gradient":""},"mobile":{"background-color":"","background-image":"","background-repeat":"repeat","background-position":"center center","background-size":"auto","background-attachment":"scroll","background-type":"","background-media":"","overlay-type":"","overlay-color":"","overlay-gradient":""}},"ast-content-background-meta":{"desktop":{"background-color":"var(--ast-global-color-5)","background-image":"","background-repeat":"repeat","background-position":"center center","background-size":"auto","background-attachment":"scroll","background-type":"","background-media":"","overlay-type":"","overlay-color":"","overlay-gradient":""},"tablet":{"background-color":"var(--ast-global-color-5)","background-image":"","background-repeat":"repeat","background-position":"center center","background-size":"auto","background-attachment":"scroll","background-type":"","background-media":"","overlay-type":"","overlay-color":"","overlay-gradient":""},"mobile":{"background-color":"var(--ast-global-color-5)","background-image":"","background-repeat":"repeat","background-position":"center center","background-size":"auto","background-attachment":"scroll","background-type":"","background-media":"","overlay-type":"","overlay-color":"","overlay-gradient":""}}},"product_cat":[22,31],"product_tag":[],"_links":{"self":[{"href":"https:\/\/mercadaomoveis.com\/index.php\/wp-json\/wp\/v2\/product\/2526"}],"collection":[{"href":"https:\/\/mercadaomoveis.com\/index.php\/wp-json\/wp\/v2\/product"}],"about":[{"href":"https:\/\/mercadaomoveis.com\/index.php\/wp-json\/wp\/v2\/types\/product"}],"replies":[{"embeddable":true,"href":"https:\/\/mercadaomoveis.com\/index.php\/wp-json\/wp\/v2\/comments?post=2526"}],"wp:featuredmedia":[{"embeddable":true,"href":"https:\/\/mercadaomoveis.com\/index.php\/wp-json\/wp\/v2\/media\/2527"}],"wp:attachment":[{"href":"https:\/\/mercadaomoveis.com\/index.php\/wp-json\/wp\/v2\/media?parent=2526"}],"wp:term":[{"taxonomy":"product_cat","embeddable":true,"href":"https:\/\/mercadaomoveis.com\/index.php\/wp-json\/wp\/v2\/product_cat?post=2526"},{"taxonomy":"product_tag","embeddable":true,"href":"https:\/\/mercadaomoveis.com\/index.php\/wp-json\/wp\/v2\/product_tag?post=2526"}],"curies":[{"name":"wp","href":"https:\/\/api.w.org\/{rel}","templated":true}]}}