{"id":2403,"date":"2024-09-27T09:03:26","date_gmt":"2024-09-27T12:03:26","guid":{"rendered":"https:\/\/mercadaomoveis.com\/?post_type=product&#038;p=2403"},"modified":"2025-05-15T09:50:50","modified_gmt":"2025-05-15T12:50:50","slug":"fogao-de-mesa-4-bocas-manual-branco-por-apenas-r29497-a-vista","status":"publish","type":"product","link":"https:\/\/mercadaomoveis.com\/index.php\/product\/fogao-de-mesa-4-bocas-manual-branco-por-apenas-r29497-a-vista\/","title":{"rendered":"Fog\u00e3o De Mesa 4 Bocas Manual Branco \u2013 Por apenas R$239,97 \u00e0 vista"},"content":{"rendered":"<p>Bem-vindo a um novo cap\u00edtulo de eleg\u00e2ncia e funcionalidade em sua casa. Apresentamos o Fog\u00e3o De Mesa 4 Bocas Manual Branco, uma obra-prima de design que n\u00e3o apenas encanta os olhos, mas tamb\u00e9m eleva a experi\u00eancia culin\u00e1ria a um n\u00edvel superior.<\/p>\n<p>MEDIDAS:<br \/>\n\u2013 Altura: 20 cm<br \/>\n\u2013 Largura: 49 cm<br \/>\n\u2013 Profundidade: 57 cm<\/p>\n<p>CARACTER\u00cdSTICAS:<br \/>\n&#8211; Mesa de inox<br \/>\n&#8211; 4 Queimadores esmaltados fam\u00edlia 2000Wa#1502;#1468;s<br \/>\n&#8211; Trempes duplas e encaixadas, mais seguras<br \/>\n&#8211; Man\u00edpulos anat\u00f4micos<br \/>\n&#8211; Sem fixa\u00e7\u00f5es Aparentes (rebites, parafusos, presilha etc&#8230;)<br \/>\n&#8211; Pot\u00eancia Nominal (kW): 7,5<br \/>\n&#8211; Press\u00e3o (kPa): 2,75<br \/>\n&#8211; Classifica\u00e7\u00e3o Energ\u00e9tica da mesa: A<\/p>\n<p>RECOMENDA\u00c7\u00c3O:<br \/>\n\u2013 Para maior durabilidade, recomenda-se que a limpeza seja feita com pano limpoe levemente umedecido em \u00e1gua e sab\u00e3o neutro. Em seguida, dever\u00e1 ser passado um pano limpo e seco.<br \/>\n\u2013 N\u00e3o utilizar material \u00e1spero.<br \/>\n\u2013 N\u00e3o utilizar solventes a base e de inflam\u00e1veis.<\/p>\n<p>ENTREGA E MONTAGEM:<br \/>\n\u2013 Entregamos gr\u00e1tis em Ananindeua, Bel\u00e9m, Icoaraci, Marituba e proximidades. Entre em contato os nossos vendedores para verificar condi\u00e7\u00f5es.<br \/>\n\u2013 Produto necessita de montagem. N\u00e3o nos responsabilizamos pela montagem incorreta do produto.<br \/>\n\u2013 Os nossos m\u00f3veis s\u00e3o entregues desmontados e todos acompanham manual com instru\u00e7\u00f5es de montagem.<br \/>\n\u2013 Sempre verifique o n\u00edvel de complexidade de montagem e em caso de d\u00favida n\u00e3o monte sozinho (a), contrate um profissional.<br \/>\n\u2013 Temos a nossa op\u00e7\u00e3o de montagem expressa. Entre em contato com os nossos vendedores para verificar condi\u00e7\u00f5es.<\/p>\n<p>GARANTIA:<br \/>\n\u2013 A garantia do produto \u00e9 fornecida pelo fabricante durante 3 meses contra defeito de fabrica\u00e7\u00e3o.<br \/>\n\u2013 Mau uso, montagem incorreta ou mofo N\u00c3O est\u00e3o inclusos na garantia.<\/p>\n<p>IMAGENS:<br \/>\n\u2013 As imagens ambientadas s\u00e3o meramente ilustrativas e podem apresentar itens que n\u00e3o comp\u00f5e o produto.<br \/>\n\u2013 Objetos decorativos da imagem n\u00e3o acompanham o produto.<br \/>\n\u2013 As cores do produto podem sofrer varia\u00e7\u00e3o de acordo com o seu monitor a ilumina\u00e7\u00e3o do seu ambiente ou sua percep\u00e7\u00e3o visual.<\/p>\n<p>INFORMA\u00c7\u00d5ES COMPLEMENTARES:<br \/>\nMarca: Braslar<\/p>\n","protected":false},"excerpt":{"rendered":"<p>Fog\u00e3o De Mesa 4 Bocas Manual Branco<br \/>\n<strong>Por apenas R$239,97 \u00e0 vista, consulte o pre\u00e7o parcelado em at\u00e9 4x nos cart\u00f5es<\/strong><\/p>\n<p>Ou consulte nosso credi\u00e1rio em at\u00e9 36x com os nossos vendedores.<\/p>\n<p>Data: 15\/05\/2025.<\/p>\n","protected":false},"featured_media":2404,"comment_status":"open","ping_status":"closed","template":"","meta":{"site-sidebar-layout":"default","site-content-layout":"","ast-site-content-layout":"default","site-content-style":"default","site-sidebar-style":"default","ast-global-header-display":"","ast-banner-title-visibility":"","ast-main-header-display":"","ast-hfb-above-header-display":"","ast-hfb-below-header-display":"","ast-hfb-mobile-header-display":"","site-post-title":"","ast-breadcrumbs-content":"","ast-featured-img":"","footer-sml-layout":"","theme-transparent-header-meta":"default","adv-header-id-meta":"","stick-header-meta":"","header-above-stick-meta":"","header-main-stick-meta":"","header-below-stick-meta":"","astra-migrate-meta-layouts":"set","ast-page-background-enabled":"default","ast-page-background-meta":{"desktop":{"background-color":"var(--ast-global-color-4)","background-image":"","background-repeat":"repeat","background-position":"center center","background-size":"auto","background-attachment":"scroll","background-type":"","background-media":"","overlay-type":"","overlay-color":"","overlay-gradient":""},"tablet":{"background-color":"","background-image":"","background-repeat":"repeat","background-position":"center center","background-size":"auto","background-attachment":"scroll","background-type":"","background-media":"","overlay-type":"","overlay-color":"","overlay-gradient":""},"mobile":{"background-color":"","background-image":"","background-repeat":"repeat","background-position":"center center","background-size":"auto","background-attachment":"scroll","background-type":"","background-media":"","overlay-type":"","overlay-color":"","overlay-gradient":""}},"ast-content-background-meta":{"desktop":{"background-color":"var(--ast-global-color-5)","background-image":"","background-repeat":"repeat","background-position":"center center","background-size":"auto","background-attachment":"scroll","background-type":"","background-media":"","overlay-type":"","overlay-color":"","overlay-gradient":""},"tablet":{"background-color":"var(--ast-global-color-5)","background-image":"","background-repeat":"repeat","background-position":"center center","background-size":"auto","background-attachment":"scroll","background-type":"","background-media":"","overlay-type":"","overlay-color":"","overlay-gradient":""},"mobile":{"background-color":"var(--ast-global-color-5)","background-image":"","background-repeat":"repeat","background-position":"center center","background-size":"auto","background-attachment":"scroll","background-type":"","background-media":"","overlay-type":"","overlay-color":"","overlay-gradient":""}}},"product_cat":[33],"product_tag":[],"_links":{"self":[{"href":"https:\/\/mercadaomoveis.com\/index.php\/wp-json\/wp\/v2\/product\/2403"}],"collection":[{"href":"https:\/\/mercadaomoveis.com\/index.php\/wp-json\/wp\/v2\/product"}],"about":[{"href":"https:\/\/mercadaomoveis.com\/index.php\/wp-json\/wp\/v2\/types\/product"}],"replies":[{"embeddable":true,"href":"https:\/\/mercadaomoveis.com\/index.php\/wp-json\/wp\/v2\/comments?post=2403"}],"wp:featuredmedia":[{"embeddable":true,"href":"https:\/\/mercadaomoveis.com\/index.php\/wp-json\/wp\/v2\/media\/2404"}],"wp:attachment":[{"href":"https:\/\/mercadaomoveis.com\/index.php\/wp-json\/wp\/v2\/media?parent=2403"}],"wp:term":[{"taxonomy":"product_cat","embeddable":true,"href":"https:\/\/mercadaomoveis.com\/index.php\/wp-json\/wp\/v2\/product_cat?post=2403"},{"taxonomy":"product_tag","embeddable":true,"href":"https:\/\/mercadaomoveis.com\/index.php\/wp-json\/wp\/v2\/product_tag?post=2403"}],"curies":[{"name":"wp","href":"https:\/\/api.w.org\/{rel}","templated":true}]}}