{"id":2292,"date":"2024-07-16T15:37:30","date_gmt":"2024-07-16T18:37:30","guid":{"rendered":"https:\/\/mercadaomoveis.com\/?post_type=product&#038;p=2292"},"modified":"2024-12-09T16:57:35","modified_gmt":"2024-12-09T19:57:35","slug":"roupeiro-casal-6-portas-2-gavetas-por-apenas-r77997-a-vista","status":"publish","type":"product","link":"https:\/\/mercadaomoveis.com\/index.php\/product\/roupeiro-casal-6-portas-2-gavetas-por-apenas-r77997-a-vista\/","title":{"rendered":"Roupeiro Casal 6 Portas 2 Gavetas \u2013  Por apenas R$864,97 \u00e0 vista"},"content":{"rendered":"<p>Seu Quarto \u00e9 o local mais utilizado da casa, \u00e9 nele onde ficamos a maior parte do tempo e vivemos momentos importantes de nossas vidas, projetamos sonhos e desejos. Para um lugar com tanta import\u00e2ncia \u00e9 preciso que seja aconchegante e organizado e com o Guarda roupa Vila Rica voc\u00ea ter\u00e1 tudo isto e muito mais, perfeito para organizar suas roupas e objetos, al\u00e9m de seu belo design que deixar\u00e1 seu quarto bonito e elegante. Aproveite e garanta j\u00e1 o seu!<\/p>\n<p>MEDIDAS:<br \/>\n\u2013 Altura: 181 cm<br \/>\n\u2013 Largura: 153 cm<br \/>\n\u2013 Profundidade: 40 cm<\/p>\n<p>CARACTER\u00cdSTICAS:<br \/>\n\u2013 6 Portas<br \/>\n\u2013 2 Gavetas<br \/>\n\u2013 puxadores em pl\u00e1stico resistente<\/p>\n<p>RECOMENDA\u00c7\u00c3O:<br \/>\n\u2013 Para maior durabilidade, recomenda-se que a limpeza seja feita com pano limpo e levemente umedecido em \u00e1gua e sab\u00e3o neutro. Em seguida, dever\u00e1 ser passado um pano limpo e seco.<br \/>\n\u2013 N\u00e3o utilizar material \u00e1spero.<br \/>\n\u2013 N\u00e3o utilizar solventes a base e de inflam\u00e1veis.<\/p>\n<p>ENTREGA E MONTAGEM:<br \/>\n\u2013 Entregamos gr\u00e1tis em Ananindeua, Bel\u00e9m, Icoaraci, Marituba e proximidades. Entre em contato os nossos vendedores para verificar condi\u00e7\u00f5es.<br \/>\n\u2013 Produto necessita de montagem. N\u00e3o nos responsabilizamos pela montagem incorreta do produto.<br \/>\n\u2013 Os nossos m\u00f3veis s\u00e3o entregues desmontados e todos acompanham manual com instru\u00e7\u00f5es de montagem.<br \/>\n\u2013 Sempre verifique o n\u00edvel de complexidade de montagem e em caso de d\u00favida n\u00e3o monte sozinho (a), contrate um profissional.<br \/>\n\u2013 Temos a nossa op\u00e7\u00e3o de montagem expressa. Entre em contato com os nossos vendedores para verificar condi\u00e7\u00f5es.<\/p>\n<p>GARANTIA:<br \/>\n\u2013 A garantia do produto \u00e9 fornecida pelo fabricante durante 3 meses contra defeito de fabrica\u00e7\u00e3o.<br \/>\n\u2013 Mau uso, montagem incorreta ou mofo N\u00c3O est\u00e3o inclusos na garantia.<\/p>\n<p>IMAGENS:<br \/>\n\u2013 As imagens ambientadas s\u00e3o meramente ilustrativas e podem apresentar itens que n\u00e3o comp\u00f5e o produto.<br \/>\n\u2013 Objetos decorativos da imagem n\u00e3o acompanham o produto.<br \/>\n\u2013 As cores do produto podem sofrer varia\u00e7\u00e3o de acordo com o seu monitor a ilumina\u00e7\u00e3o do seu ambiente ou sua percep\u00e7\u00e3o visual.<\/p>\n<p>INFORMA\u00c7\u00d5ES COMPLEMENTARES:<br \/>\n\u2013 Marca: Vila Rica<\/p>\n","protected":false},"excerpt":{"rendered":"<p><strong>Por apenas R$ 864,97 \u00e0 vista, consulte o pre\u00e7o parcelado em at\u00e9 12x sem juros nos cart\u00f5es<\/strong><\/p>\n<p>Ou consulte nosso credi\u00e1rio em at\u00e9 36x com os nossos vendedores.<\/p>\n<p>Data: 09\/12\/2024.<\/p>\n","protected":false},"featured_media":2293,"comment_status":"open","ping_status":"closed","template":"","meta":{"site-sidebar-layout":"default","site-content-layout":"","ast-site-content-layout":"default","site-content-style":"default","site-sidebar-style":"default","ast-global-header-display":"","ast-banner-title-visibility":"","ast-main-header-display":"","ast-hfb-above-header-display":"","ast-hfb-below-header-display":"","ast-hfb-mobile-header-display":"","site-post-title":"","ast-breadcrumbs-content":"","ast-featured-img":"","footer-sml-layout":"","theme-transparent-header-meta":"default","adv-header-id-meta":"","stick-header-meta":"","header-above-stick-meta":"","header-main-stick-meta":"","header-below-stick-meta":"","astra-migrate-meta-layouts":"set","ast-page-background-enabled":"default","ast-page-background-meta":{"desktop":{"background-color":"var(--ast-global-color-4)","background-image":"","background-repeat":"repeat","background-position":"center center","background-size":"auto","background-attachment":"scroll","background-type":"","background-media":"","overlay-type":"","overlay-color":"","overlay-gradient":""},"tablet":{"background-color":"","background-image":"","background-repeat":"repeat","background-position":"center center","background-size":"auto","background-attachment":"scroll","background-type":"","background-media":"","overlay-type":"","overlay-color":"","overlay-gradient":""},"mobile":{"background-color":"","background-image":"","background-repeat":"repeat","background-position":"center center","background-size":"auto","background-attachment":"scroll","background-type":"","background-media":"","overlay-type":"","overlay-color":"","overlay-gradient":""}},"ast-content-background-meta":{"desktop":{"background-color":"var(--ast-global-color-5)","background-image":"","background-repeat":"repeat","background-position":"center center","background-size":"auto","background-attachment":"scroll","background-type":"","background-media":"","overlay-type":"","overlay-color":"","overlay-gradient":""},"tablet":{"background-color":"var(--ast-global-color-5)","background-image":"","background-repeat":"repeat","background-position":"center center","background-size":"auto","background-attachment":"scroll","background-type":"","background-media":"","overlay-type":"","overlay-color":"","overlay-gradient":""},"mobile":{"background-color":"var(--ast-global-color-5)","background-image":"","background-repeat":"repeat","background-position":"center center","background-size":"auto","background-attachment":"scroll","background-type":"","background-media":"","overlay-type":"","overlay-color":"","overlay-gradient":""}}},"product_cat":[22,32],"product_tag":[],"_links":{"self":[{"href":"https:\/\/mercadaomoveis.com\/index.php\/wp-json\/wp\/v2\/product\/2292"}],"collection":[{"href":"https:\/\/mercadaomoveis.com\/index.php\/wp-json\/wp\/v2\/product"}],"about":[{"href":"https:\/\/mercadaomoveis.com\/index.php\/wp-json\/wp\/v2\/types\/product"}],"replies":[{"embeddable":true,"href":"https:\/\/mercadaomoveis.com\/index.php\/wp-json\/wp\/v2\/comments?post=2292"}],"wp:featuredmedia":[{"embeddable":true,"href":"https:\/\/mercadaomoveis.com\/index.php\/wp-json\/wp\/v2\/media\/2293"}],"wp:attachment":[{"href":"https:\/\/mercadaomoveis.com\/index.php\/wp-json\/wp\/v2\/media?parent=2292"}],"wp:term":[{"taxonomy":"product_cat","embeddable":true,"href":"https:\/\/mercadaomoveis.com\/index.php\/wp-json\/wp\/v2\/product_cat?post=2292"},{"taxonomy":"product_tag","embeddable":true,"href":"https:\/\/mercadaomoveis.com\/index.php\/wp-json\/wp\/v2\/product_tag?post=2292"}],"curies":[{"name":"wp","href":"https:\/\/api.w.org\/{rel}","templated":true}]}}