{"id":1521,"date":"2024-02-28T14:01:19","date_gmt":"2024-02-28T17:01:19","guid":{"rendered":"https:\/\/mercadaomoveis.com\/?post_type=product&#038;p=1521"},"modified":"2025-01-17T08:44:50","modified_gmt":"2025-01-17T11:44:50","slug":"armario-aereo-em-aco-3-portas-por-apenas-r35497-a-vista","status":"publish","type":"product","link":"https:\/\/mercadaomoveis.com\/index.php\/product\/armario-aereo-em-aco-3-portas-por-apenas-r35497-a-vista\/","title":{"rendered":"Arm\u00e1rio A\u00e9reo Em A\u00e7o 3 Portas &#8211; Por apenas R$484,97 \u00e0 vista"},"content":{"rendered":"<p>Bem-vindo a um novo cap\u00edtulo de eleg\u00e2ncia e funcionalidade em sua casa. Apresentamos o Arm\u00e1rio A\u00e9reo 3 Portas A\u00e7o. Uma obra-prima de design que n\u00e3o apenas encanta os olhos, mas tamb\u00e9m eleva a experi\u00eancia culin\u00e1ria a um n\u00edvel superior. Imagine uma fus\u00e3o perfeita de linhas modernas, acabamentos sofisticados e uma paleta de cores contempor\u00e2nea, integrando-se harmoniosamente ao seu ambiente. Este Arm\u00e1rio n\u00e3o \u00e9 apenas um espa\u00e7o funcional, mas uma express\u00e3o de estilo.<\/p>\n<p>MEDIDAS:<br \/>\n&#8211; Altura: 52 cm<br \/>\n&#8211; Largura: 105 cm<br \/>\n&#8211; Profundidade: 28 cm<\/p>\n<p>CARACTER\u00cdSTICAS:<br \/>\n&#8211; Material 100% em a\u00e7o<br \/>\n&#8211; Pintura UV<br \/>\n&#8211; Alto Brilho<br \/>\n&#8211; Puxador PVC<br \/>\n&#8211; Dobradi\u00e7as met\u00e1licas<\/p>\n<p>RECOMENDA\u00c7\u00c3O:<br \/>\n&#8211; Para maior durabilidade, recomenda-se que a limpeza seja feita com pano limpo e levemente umedecido em \u00e1gua e sab\u00e3o neutro. Em seguida, dever\u00e1 ser passado um pano limpo e seco.<br \/>\n&#8211; N\u00e3o utilizar material \u00e1spero.<br \/>\n&#8211; N\u00e3o utilizar solventes a base e de inflam\u00e1veis.<\/p>\n<p>ENTREGA E MONTAGEM:<br \/>\n&#8211; Entregamos gr\u00e1tis em Ananindeua, Bel\u00e9m, Icoaraci, Marituba e proximidades. Entre em contato os nossos vendedores para verificar condi\u00e7\u00f5es.<br \/>\n&#8211; Produto necessita de montagem. N\u00e3o nos responsabilizamos pela montagem incorreta do produto.<br \/>\n&#8211; Os nossos m\u00f3veis s\u00e3o entregues desmontados e todos acompanham manual com instru\u00e7\u00f5es de montagem.<br \/>\n&#8211; Sempre verifique o n\u00edvel de complexidade de montagem e em caso de d\u00favida n\u00e3o monte sozinho (a), contrate um profissional.<br \/>\n&#8211; Temos a nossa op\u00e7\u00e3o de montagem expressa. Entre em contato com os nossos vendedores para verificar condi\u00e7\u00f5es.<\/p>\n<p>GARANTIA:<br \/>\n&#8211; A garantia do produto \u00e9 fornecida pelo fabricante durante 3 meses contra defeito de fabrica\u00e7\u00e3o.<br \/>\n&#8211; Mau uso, montagem incorreta ou mofo N\u00c3O est\u00e3o inclusos na garantia.<\/p>\n<p>IMAGENS:<br \/>\n&#8211; As imagens ambientadas s\u00e3o meramente ilustrativas e podem apresentar itens que n\u00e3o comp\u00f5e o produto.<br \/>\n&#8211; Objetos decorativos da imagem n\u00e3o acompanham o produto.<br \/>\n&#8211; As cores do produto podem sofrer varia\u00e7\u00e3o de acordo com o seu monitor a ilumina\u00e7\u00e3o do seu ambiente ou sua percep\u00e7\u00e3o visual.<\/p>\n<p>INFORMA\u00c7\u00d5ES COMPLEMENTARES:<br \/>\n&#8211; Marca: Bertolini<\/p>\n","protected":false},"excerpt":{"rendered":"<p>Arm\u00e1rio A\u00e9reo Em A\u00e7o 3 Portas<br \/>\n<strong>Por apenas R$484,97 \u00e0 vista ou consulte pre\u00e7o parcelado em at\u00e9 12x nos cart\u00f5es.<\/strong><\/p>\n<p>Ou consulte nosso credi\u00e1rio em at\u00e9 36x com os nossos vendedores.<\/p>\n<p>Data: 17\/01\/2025<\/p>\n","protected":false},"featured_media":1522,"comment_status":"open","ping_status":"closed","template":"","meta":{"site-sidebar-layout":"default","site-content-layout":"","ast-site-content-layout":"default","site-content-style":"default","site-sidebar-style":"default","ast-global-header-display":"","ast-banner-title-visibility":"","ast-main-header-display":"","ast-hfb-above-header-display":"","ast-hfb-below-header-display":"","ast-hfb-mobile-header-display":"","site-post-title":"","ast-breadcrumbs-content":"","ast-featured-img":"","footer-sml-layout":"","theme-transparent-header-meta":"default","adv-header-id-meta":"","stick-header-meta":"","header-above-stick-meta":"","header-main-stick-meta":"","header-below-stick-meta":"","astra-migrate-meta-layouts":"set","ast-page-background-enabled":"default","ast-page-background-meta":{"desktop":{"background-color":"var(--ast-global-color-4)","background-image":"","background-repeat":"repeat","background-position":"center center","background-size":"auto","background-attachment":"scroll","background-type":"","background-media":"","overlay-type":"","overlay-color":"","overlay-gradient":""},"tablet":{"background-color":"","background-image":"","background-repeat":"repeat","background-position":"center center","background-size":"auto","background-attachment":"scroll","background-type":"","background-media":"","overlay-type":"","overlay-color":"","overlay-gradient":""},"mobile":{"background-color":"","background-image":"","background-repeat":"repeat","background-position":"center center","background-size":"auto","background-attachment":"scroll","background-type":"","background-media":"","overlay-type":"","overlay-color":"","overlay-gradient":""}},"ast-content-background-meta":{"desktop":{"background-color":"var(--ast-global-color-5)","background-image":"","background-repeat":"repeat","background-position":"center center","background-size":"auto","background-attachment":"scroll","background-type":"","background-media":"","overlay-type":"","overlay-color":"","overlay-gradient":""},"tablet":{"background-color":"var(--ast-global-color-5)","background-image":"","background-repeat":"repeat","background-position":"center center","background-size":"auto","background-attachment":"scroll","background-type":"","background-media":"","overlay-type":"","overlay-color":"","overlay-gradient":""},"mobile":{"background-color":"var(--ast-global-color-5)","background-image":"","background-repeat":"repeat","background-position":"center center","background-size":"auto","background-attachment":"scroll","background-type":"","background-media":"","overlay-type":"","overlay-color":"","overlay-gradient":""}}},"product_cat":[33],"product_tag":[],"_links":{"self":[{"href":"https:\/\/mercadaomoveis.com\/index.php\/wp-json\/wp\/v2\/product\/1521"}],"collection":[{"href":"https:\/\/mercadaomoveis.com\/index.php\/wp-json\/wp\/v2\/product"}],"about":[{"href":"https:\/\/mercadaomoveis.com\/index.php\/wp-json\/wp\/v2\/types\/product"}],"replies":[{"embeddable":true,"href":"https:\/\/mercadaomoveis.com\/index.php\/wp-json\/wp\/v2\/comments?post=1521"}],"wp:featuredmedia":[{"embeddable":true,"href":"https:\/\/mercadaomoveis.com\/index.php\/wp-json\/wp\/v2\/media\/1522"}],"wp:attachment":[{"href":"https:\/\/mercadaomoveis.com\/index.php\/wp-json\/wp\/v2\/media?parent=1521"}],"wp:term":[{"taxonomy":"product_cat","embeddable":true,"href":"https:\/\/mercadaomoveis.com\/index.php\/wp-json\/wp\/v2\/product_cat?post=1521"},{"taxonomy":"product_tag","embeddable":true,"href":"https:\/\/mercadaomoveis.com\/index.php\/wp-json\/wp\/v2\/product_tag?post=1521"}],"curies":[{"name":"wp","href":"https:\/\/api.w.org\/{rel}","templated":true}]}}