{"id":31,"date":"2023-11-21T16:52:08","date_gmt":"2023-11-21T19:52:08","guid":{"rendered":"https:\/\/mercadaomoveis.com\/?page_id=31"},"modified":"2023-12-22T11:40:46","modified_gmt":"2023-12-22T14:40:46","slug":"principal","status":"publish","type":"page","link":"https:\/\/mercadaomoveis.com\/","title":{"rendered":"Principal"},"content":{"rendered":"\t\t<div data-elementor-type=\"wp-page\" data-elementor-id=\"31\" class=\"elementor elementor-31\">\n\t\t\t\t<div class=\"elementor-element elementor-element-c0b2504 e-con-full e-flex e-con e-parent\" data-id=\"c0b2504\" data-element_type=\"container\">\n\t\t\t\t<\/div>\n\t\t<div class=\"elementor-element elementor-element-0e0cdea e-flex e-con-boxed e-con e-parent\" data-id=\"0e0cdea\" data-element_type=\"container\">\n\t\t\t\t\t<div class=\"e-con-inner\">\n\t\t\t\t<div class=\"elementor-element elementor-element-9618e2d elementor-widget elementor-widget-heading\" data-id=\"9618e2d\" data-element_type=\"widget\" data-widget_type=\"heading.default\">\n\t\t\t\t<div class=\"elementor-widget-container\">\n\t\t\t\t\t<h2 class=\"elementor-heading-title elementor-size-default\">Categorias<\/h2>\t\t\t\t<\/div>\n\t\t\t\t<\/div>\n\t\t\t\t\t<\/div>\n\t\t\t\t<\/div>\n\t\t<div class=\"elementor-element elementor-element-6de719f elementor-hidden-mobile e-flex e-con-boxed e-con e-parent\" data-id=\"6de719f\" data-element_type=\"container\">\n\t\t\t\t\t<div class=\"e-con-inner\">\n\t\t\t\t<div class=\"elementor-element elementor-element-6bda21e elementor-widget elementor-widget-image\" data-id=\"6bda21e\" data-element_type=\"widget\" data-widget_type=\"image.default\">\n\t\t\t\t<div class=\"elementor-widget-container\">\n\t\t\t\t\t\t\t\t\t\t\t\t\t\t\t\t<a href=\"https:\/\/mercadaomoveis.com\/index.php\/product-category\/promocao\/\">\n\t\t\t\t\t\t\t<img fetchpriority=\"high\" decoding=\"async\" width=\"300\" height=\"300\" src=\"https:\/\/mercadaomoveis.com\/wp-content\/uploads\/2023\/12\/1-300x300.png\" class=\"attachment-medium size-medium wp-image-384\" alt=\"\" srcset=\"https:\/\/mercadaomoveis.com\/wp-content\/uploads\/2023\/12\/1-300x300.png 300w, https:\/\/mercadaomoveis.com\/wp-content\/uploads\/2023\/12\/1-1024x1024.png 1024w, https:\/\/mercadaomoveis.com\/wp-content\/uploads\/2023\/12\/1-150x150.png 150w, https:\/\/mercadaomoveis.com\/wp-content\/uploads\/2023\/12\/1-768x768.png 768w, https:\/\/mercadaomoveis.com\/wp-content\/uploads\/2023\/12\/1-600x600.png 600w, https:\/\/mercadaomoveis.com\/wp-content\/uploads\/2023\/12\/1-100x100.png 100w, https:\/\/mercadaomoveis.com\/wp-content\/uploads\/2023\/12\/1.png 1080w\" sizes=\"(max-width: 300px) 100vw, 300px\" \/>\t\t\t\t\t\t\t\t<\/a>\n\t\t\t\t\t\t\t\t\t\t\t\t\t\t\t<\/div>\n\t\t\t\t<\/div>\n\t\t\t\t<div class=\"elementor-element elementor-element-931d6a1 elementor-widget elementor-widget-image\" data-id=\"931d6a1\" data-element_type=\"widget\" data-widget_type=\"image.default\">\n\t\t\t\t<div class=\"elementor-widget-container\">\n\t\t\t\t\t\t\t\t\t\t\t\t\t\t\t\t<a href=\"https:\/\/mercadaomoveis.com\/index.php\/product-category\/cama\/\">\n\t\t\t\t\t\t\t<img decoding=\"async\" width=\"300\" height=\"300\" src=\"https:\/\/mercadaomoveis.com\/wp-content\/uploads\/2023\/12\/3-1-300x300.png\" class=\"attachment-medium size-medium wp-image-389\" alt=\"\" srcset=\"https:\/\/mercadaomoveis.com\/wp-content\/uploads\/2023\/12\/3-1-300x300.png 300w, https:\/\/mercadaomoveis.com\/wp-content\/uploads\/2023\/12\/3-1-1024x1024.png 1024w, https:\/\/mercadaomoveis.com\/wp-content\/uploads\/2023\/12\/3-1-150x150.png 150w, https:\/\/mercadaomoveis.com\/wp-content\/uploads\/2023\/12\/3-1-768x768.png 768w, https:\/\/mercadaomoveis.com\/wp-content\/uploads\/2023\/12\/3-1-600x600.png 600w, https:\/\/mercadaomoveis.com\/wp-content\/uploads\/2023\/12\/3-1-100x100.png 100w, https:\/\/mercadaomoveis.com\/wp-content\/uploads\/2023\/12\/3-1.png 1080w\" sizes=\"(max-width: 300px) 100vw, 300px\" \/>\t\t\t\t\t\t\t\t<\/a>\n\t\t\t\t\t\t\t\t\t\t\t\t\t\t\t<\/div>\n\t\t\t\t<\/div>\n\t\t\t\t<div class=\"elementor-element elementor-element-50e8542 elementor-widget elementor-widget-image\" data-id=\"50e8542\" data-element_type=\"widget\" data-widget_type=\"image.default\">\n\t\t\t\t<div class=\"elementor-widget-container\">\n\t\t\t\t\t\t\t\t\t\t\t\t\t\t\t\t<a href=\"https:\/\/mercadaomoveis.com\/index.php\/product-category\/colchao\">\n\t\t\t\t\t\t\t<img decoding=\"async\" width=\"300\" height=\"300\" src=\"https:\/\/mercadaomoveis.com\/wp-content\/uploads\/2023\/12\/4-1-300x300.png\" class=\"attachment-medium size-medium wp-image-582\" alt=\"\" srcset=\"https:\/\/mercadaomoveis.com\/wp-content\/uploads\/2023\/12\/4-1-300x300.png 300w, https:\/\/mercadaomoveis.com\/wp-content\/uploads\/2023\/12\/4-1-1024x1024.png 1024w, https:\/\/mercadaomoveis.com\/wp-content\/uploads\/2023\/12\/4-1-150x150.png 150w, https:\/\/mercadaomoveis.com\/wp-content\/uploads\/2023\/12\/4-1-768x768.png 768w, https:\/\/mercadaomoveis.com\/wp-content\/uploads\/2023\/12\/4-1-600x600.png 600w, https:\/\/mercadaomoveis.com\/wp-content\/uploads\/2023\/12\/4-1-100x100.png 100w, https:\/\/mercadaomoveis.com\/wp-content\/uploads\/2023\/12\/4-1.png 1080w\" sizes=\"(max-width: 300px) 100vw, 300px\" \/>\t\t\t\t\t\t\t\t<\/a>\n\t\t\t\t\t\t\t\t\t\t\t\t\t\t\t<\/div>\n\t\t\t\t<\/div>\n\t\t\t\t<div class=\"elementor-element elementor-element-469c0bf elementor-widget elementor-widget-image\" data-id=\"469c0bf\" data-element_type=\"widget\" data-widget_type=\"image.default\">\n\t\t\t\t<div class=\"elementor-widget-container\">\n\t\t\t\t\t\t\t\t\t\t\t\t\t\t\t\t<a href=\"https:\/\/mercadaomoveis.com\/index.php\/product-category\/guarda-roupa\/\">\n\t\t\t\t\t\t\t<img loading=\"lazy\" decoding=\"async\" width=\"300\" height=\"300\" src=\"https:\/\/mercadaomoveis.com\/wp-content\/uploads\/2023\/12\/guarda_roupa-300x300.png\" class=\"attachment-medium size-medium wp-image-980\" alt=\"\" srcset=\"https:\/\/mercadaomoveis.com\/wp-content\/uploads\/2023\/12\/guarda_roupa-300x300.png 300w, https:\/\/mercadaomoveis.com\/wp-content\/uploads\/2023\/12\/guarda_roupa-1024x1024.png 1024w, https:\/\/mercadaomoveis.com\/wp-content\/uploads\/2023\/12\/guarda_roupa-150x150.png 150w, https:\/\/mercadaomoveis.com\/wp-content\/uploads\/2023\/12\/guarda_roupa-768x768.png 768w, https:\/\/mercadaomoveis.com\/wp-content\/uploads\/2023\/12\/guarda_roupa-600x600.png 600w, https:\/\/mercadaomoveis.com\/wp-content\/uploads\/2023\/12\/guarda_roupa-100x100.png 100w, https:\/\/mercadaomoveis.com\/wp-content\/uploads\/2023\/12\/guarda_roupa.png 1080w\" sizes=\"(max-width: 300px) 100vw, 300px\" \/>\t\t\t\t\t\t\t\t<\/a>\n\t\t\t\t\t\t\t\t\t\t\t\t\t\t\t<\/div>\n\t\t\t\t<\/div>\n\t\t\t\t<div class=\"elementor-element elementor-element-2420248 elementor-widget elementor-widget-image\" data-id=\"2420248\" data-element_type=\"widget\" data-widget_type=\"image.default\">\n\t\t\t\t<div class=\"elementor-widget-container\">\n\t\t\t\t\t\t\t\t\t\t\t\t\t\t\t\t<a href=\"https:\/\/mercadaomoveis.com\/index.php\/product-category\/comoda\/\">\n\t\t\t\t\t\t\t<img loading=\"lazy\" decoding=\"async\" width=\"300\" height=\"300\" src=\"https:\/\/mercadaomoveis.com\/wp-content\/uploads\/2023\/12\/6-300x300.png\" class=\"attachment-medium size-medium wp-image-391\" alt=\"\" srcset=\"https:\/\/mercadaomoveis.com\/wp-content\/uploads\/2023\/12\/6-300x300.png 300w, https:\/\/mercadaomoveis.com\/wp-content\/uploads\/2023\/12\/6-1024x1024.png 1024w, https:\/\/mercadaomoveis.com\/wp-content\/uploads\/2023\/12\/6-150x150.png 150w, https:\/\/mercadaomoveis.com\/wp-content\/uploads\/2023\/12\/6-768x768.png 768w, https:\/\/mercadaomoveis.com\/wp-content\/uploads\/2023\/12\/6-600x600.png 600w, https:\/\/mercadaomoveis.com\/wp-content\/uploads\/2023\/12\/6-100x100.png 100w, https:\/\/mercadaomoveis.com\/wp-content\/uploads\/2023\/12\/6.png 1080w\" sizes=\"(max-width: 300px) 100vw, 300px\" \/>\t\t\t\t\t\t\t\t<\/a>\n\t\t\t\t\t\t\t\t\t\t\t\t\t\t\t<\/div>\n\t\t\t\t<\/div>\n\t\t\t\t<div class=\"elementor-element elementor-element-6d1d4d6 elementor-widget elementor-widget-image\" data-id=\"6d1d4d6\" data-element_type=\"widget\" data-widget_type=\"image.default\">\n\t\t\t\t<div class=\"elementor-widget-container\">\n\t\t\t\t\t\t\t\t\t\t\t\t\t\t\t\t<a href=\"https:\/\/mercadaomoveis.com\/index.php\/product-category\/infantil\/\">\n\t\t\t\t\t\t\t<img loading=\"lazy\" decoding=\"async\" width=\"300\" height=\"300\" src=\"https:\/\/mercadaomoveis.com\/wp-content\/uploads\/2023\/12\/7-300x300.png\" class=\"attachment-medium size-medium wp-image-392\" alt=\"\" srcset=\"https:\/\/mercadaomoveis.com\/wp-content\/uploads\/2023\/12\/7-300x300.png 300w, https:\/\/mercadaomoveis.com\/wp-content\/uploads\/2023\/12\/7-1024x1024.png 1024w, https:\/\/mercadaomoveis.com\/wp-content\/uploads\/2023\/12\/7-150x150.png 150w, https:\/\/mercadaomoveis.com\/wp-content\/uploads\/2023\/12\/7-768x768.png 768w, https:\/\/mercadaomoveis.com\/wp-content\/uploads\/2023\/12\/7-600x600.png 600w, https:\/\/mercadaomoveis.com\/wp-content\/uploads\/2023\/12\/7-100x100.png 100w, https:\/\/mercadaomoveis.com\/wp-content\/uploads\/2023\/12\/7.png 1080w\" sizes=\"(max-width: 300px) 100vw, 300px\" \/>\t\t\t\t\t\t\t\t<\/a>\n\t\t\t\t\t\t\t\t\t\t\t\t\t\t\t<\/div>\n\t\t\t\t<\/div>\n\t\t\t\t\t<\/div>\n\t\t\t\t<\/div>\n\t\t<div class=\"elementor-element elementor-element-05ba8ab elementor-hidden-mobile e-flex e-con-boxed e-con e-parent\" data-id=\"05ba8ab\" data-element_type=\"container\">\n\t\t\t\t\t<div class=\"e-con-inner\">\n\t\t\t\t<div class=\"elementor-element elementor-element-dee928c elementor-widget elementor-widget-image\" data-id=\"dee928c\" data-element_type=\"widget\" data-widget_type=\"image.default\">\n\t\t\t\t<div class=\"elementor-widget-container\">\n\t\t\t\t\t\t\t\t\t\t\t\t\t\t\t\t<a href=\"https:\/\/mercadaomoveis.com\/index.php\/product-category\/distrimoveis\">\n\t\t\t\t\t\t\t<img loading=\"lazy\" decoding=\"async\" width=\"300\" height=\"300\" src=\"https:\/\/mercadaomoveis.com\/wp-content\/uploads\/2023\/12\/1-1-300x300.png\" class=\"attachment-medium size-medium wp-image-578\" alt=\"\" srcset=\"https:\/\/mercadaomoveis.com\/wp-content\/uploads\/2023\/12\/1-1-300x300.png 300w, https:\/\/mercadaomoveis.com\/wp-content\/uploads\/2023\/12\/1-1-1024x1024.png 1024w, https:\/\/mercadaomoveis.com\/wp-content\/uploads\/2023\/12\/1-1-150x150.png 150w, https:\/\/mercadaomoveis.com\/wp-content\/uploads\/2023\/12\/1-1-768x768.png 768w, https:\/\/mercadaomoveis.com\/wp-content\/uploads\/2023\/12\/1-1-600x600.png 600w, https:\/\/mercadaomoveis.com\/wp-content\/uploads\/2023\/12\/1-1-100x100.png 100w, https:\/\/mercadaomoveis.com\/wp-content\/uploads\/2023\/12\/1-1.png 1080w\" sizes=\"(max-width: 300px) 100vw, 300px\" \/>\t\t\t\t\t\t\t\t<\/a>\n\t\t\t\t\t\t\t\t\t\t\t\t\t\t\t<\/div>\n\t\t\t\t<\/div>\n\t\t\t\t<div class=\"elementor-element elementor-element-7c1325a elementor-widget elementor-widget-image\" data-id=\"7c1325a\" data-element_type=\"widget\" data-widget_type=\"image.default\">\n\t\t\t\t<div class=\"elementor-widget-container\">\n\t\t\t\t\t\t\t\t\t\t\t\t\t\t\t\t<a href=\"https:\/\/mercadaomoveis.com\/index.php\/product-category\/sofas\/\">\n\t\t\t\t\t\t\t<img loading=\"lazy\" decoding=\"async\" width=\"300\" height=\"300\" src=\"https:\/\/mercadaomoveis.com\/wp-content\/uploads\/2023\/12\/sofa-300x300.png\" class=\"attachment-medium size-medium wp-image-981\" alt=\"\" srcset=\"https:\/\/mercadaomoveis.com\/wp-content\/uploads\/2023\/12\/sofa-300x300.png 300w, https:\/\/mercadaomoveis.com\/wp-content\/uploads\/2023\/12\/sofa-1024x1024.png 1024w, https:\/\/mercadaomoveis.com\/wp-content\/uploads\/2023\/12\/sofa-150x150.png 150w, https:\/\/mercadaomoveis.com\/wp-content\/uploads\/2023\/12\/sofa-768x768.png 768w, https:\/\/mercadaomoveis.com\/wp-content\/uploads\/2023\/12\/sofa-600x600.png 600w, https:\/\/mercadaomoveis.com\/wp-content\/uploads\/2023\/12\/sofa-100x100.png 100w, https:\/\/mercadaomoveis.com\/wp-content\/uploads\/2023\/12\/sofa.png 1080w\" sizes=\"(max-width: 300px) 100vw, 300px\" \/>\t\t\t\t\t\t\t\t<\/a>\n\t\t\t\t\t\t\t\t\t\t\t\t\t\t\t<\/div>\n\t\t\t\t<\/div>\n\t\t\t\t<div class=\"elementor-element elementor-element-0c3b70d elementor-widget elementor-widget-image\" data-id=\"0c3b70d\" data-element_type=\"widget\" data-widget_type=\"image.default\">\n\t\t\t\t<div class=\"elementor-widget-container\">\n\t\t\t\t\t\t\t\t\t\t\t\t\t\t\t\t<a href=\"https:\/\/mercadaomoveis.com\/index.php\/product-category\/cozinha\/\">\n\t\t\t\t\t\t\t<img loading=\"lazy\" decoding=\"async\" width=\"300\" height=\"300\" src=\"https:\/\/mercadaomoveis.com\/wp-content\/uploads\/2023\/12\/9-300x300.png\" class=\"attachment-medium size-medium wp-image-395\" alt=\"\" srcset=\"https:\/\/mercadaomoveis.com\/wp-content\/uploads\/2023\/12\/9-300x300.png 300w, https:\/\/mercadaomoveis.com\/wp-content\/uploads\/2023\/12\/9-1024x1024.png 1024w, https:\/\/mercadaomoveis.com\/wp-content\/uploads\/2023\/12\/9-150x150.png 150w, https:\/\/mercadaomoveis.com\/wp-content\/uploads\/2023\/12\/9-768x768.png 768w, https:\/\/mercadaomoveis.com\/wp-content\/uploads\/2023\/12\/9-600x600.png 600w, https:\/\/mercadaomoveis.com\/wp-content\/uploads\/2023\/12\/9-100x100.png 100w, https:\/\/mercadaomoveis.com\/wp-content\/uploads\/2023\/12\/9.png 1080w\" sizes=\"(max-width: 300px) 100vw, 300px\" \/>\t\t\t\t\t\t\t\t<\/a>\n\t\t\t\t\t\t\t\t\t\t\t\t\t\t\t<\/div>\n\t\t\t\t<\/div>\n\t\t\t\t<div class=\"elementor-element elementor-element-aaaf16f elementor-widget elementor-widget-image\" data-id=\"aaaf16f\" data-element_type=\"widget\" data-widget_type=\"image.default\">\n\t\t\t\t<div class=\"elementor-widget-container\">\n\t\t\t\t\t\t\t\t\t\t\t\t\t\t\t\t<a href=\"https:\/\/mercadaomoveis.com\/index.php\/product-category\/escritorio\/\">\n\t\t\t\t\t\t\t<img loading=\"lazy\" decoding=\"async\" width=\"300\" height=\"300\" src=\"https:\/\/mercadaomoveis.com\/wp-content\/uploads\/2023\/12\/5-300x300.png\" class=\"attachment-medium size-medium wp-image-396\" alt=\"\" srcset=\"https:\/\/mercadaomoveis.com\/wp-content\/uploads\/2023\/12\/5-300x300.png 300w, https:\/\/mercadaomoveis.com\/wp-content\/uploads\/2023\/12\/5-1024x1024.png 1024w, https:\/\/mercadaomoveis.com\/wp-content\/uploads\/2023\/12\/5-150x150.png 150w, https:\/\/mercadaomoveis.com\/wp-content\/uploads\/2023\/12\/5-768x768.png 768w, https:\/\/mercadaomoveis.com\/wp-content\/uploads\/2023\/12\/5-600x600.png 600w, https:\/\/mercadaomoveis.com\/wp-content\/uploads\/2023\/12\/5-100x100.png 100w, https:\/\/mercadaomoveis.com\/wp-content\/uploads\/2023\/12\/5.png 1080w\" sizes=\"(max-width: 300px) 100vw, 300px\" \/>\t\t\t\t\t\t\t\t<\/a>\n\t\t\t\t\t\t\t\t\t\t\t\t\t\t\t<\/div>\n\t\t\t\t<\/div>\n\t\t\t\t<div class=\"elementor-element elementor-element-4bd663d elementor-widget elementor-widget-image\" data-id=\"4bd663d\" data-element_type=\"widget\" data-widget_type=\"image.default\">\n\t\t\t\t<div class=\"elementor-widget-container\">\n\t\t\t\t\t\t\t\t\t\t\t\t\t\t\t\t<a href=\"https:\/\/mercadaomoveis.com\/index.php\/product-category\/sala\">\n\t\t\t\t\t\t\t<img loading=\"lazy\" decoding=\"async\" width=\"300\" height=\"300\" src=\"https:\/\/mercadaomoveis.com\/wp-content\/uploads\/2023\/12\/mesa_de_jantar-300x300.png\" class=\"attachment-medium size-medium wp-image-982\" alt=\"\" srcset=\"https:\/\/mercadaomoveis.com\/wp-content\/uploads\/2023\/12\/mesa_de_jantar-300x300.png 300w, https:\/\/mercadaomoveis.com\/wp-content\/uploads\/2023\/12\/mesa_de_jantar-1024x1024.png 1024w, https:\/\/mercadaomoveis.com\/wp-content\/uploads\/2023\/12\/mesa_de_jantar-150x150.png 150w, https:\/\/mercadaomoveis.com\/wp-content\/uploads\/2023\/12\/mesa_de_jantar-768x768.png 768w, https:\/\/mercadaomoveis.com\/wp-content\/uploads\/2023\/12\/mesa_de_jantar-600x600.png 600w, https:\/\/mercadaomoveis.com\/wp-content\/uploads\/2023\/12\/mesa_de_jantar-100x100.png 100w, https:\/\/mercadaomoveis.com\/wp-content\/uploads\/2023\/12\/mesa_de_jantar.png 1080w\" sizes=\"(max-width: 300px) 100vw, 300px\" \/>\t\t\t\t\t\t\t\t<\/a>\n\t\t\t\t\t\t\t\t\t\t\t\t\t\t\t<\/div>\n\t\t\t\t<\/div>\n\t\t\t\t<div class=\"elementor-element elementor-element-d4ab2e6 elementor-widget elementor-widget-image\" data-id=\"d4ab2e6\" data-element_type=\"widget\" data-widget_type=\"image.default\">\n\t\t\t\t<div class=\"elementor-widget-container\">\n\t\t\t\t\t\t\t\t\t\t\t\t\t\t\t\t<a href=\"https:\/\/mercadaomoveis.com\/index.php\/product-category\/redes\/\">\n\t\t\t\t\t\t\t<img loading=\"lazy\" decoding=\"async\" width=\"300\" height=\"300\" src=\"https:\/\/mercadaomoveis.com\/wp-content\/uploads\/2023\/12\/rede-300x300.png\" class=\"attachment-medium size-medium wp-image-983\" alt=\"\" srcset=\"https:\/\/mercadaomoveis.com\/wp-content\/uploads\/2023\/12\/rede-300x300.png 300w, https:\/\/mercadaomoveis.com\/wp-content\/uploads\/2023\/12\/rede-1024x1024.png 1024w, https:\/\/mercadaomoveis.com\/wp-content\/uploads\/2023\/12\/rede-150x150.png 150w, https:\/\/mercadaomoveis.com\/wp-content\/uploads\/2023\/12\/rede-768x768.png 768w, https:\/\/mercadaomoveis.com\/wp-content\/uploads\/2023\/12\/rede-600x600.png 600w, https:\/\/mercadaomoveis.com\/wp-content\/uploads\/2023\/12\/rede-100x100.png 100w, https:\/\/mercadaomoveis.com\/wp-content\/uploads\/2023\/12\/rede.png 1080w\" sizes=\"(max-width: 300px) 100vw, 300px\" \/>\t\t\t\t\t\t\t\t<\/a>\n\t\t\t\t\t\t\t\t\t\t\t\t\t\t\t<\/div>\n\t\t\t\t<\/div>\n\t\t\t\t\t<\/div>\n\t\t\t\t<\/div>\n\t\t<div class=\"elementor-element elementor-element-6d9e279 e-con-full elementor-hidden-desktop elementor-hidden-tablet e-flex e-con e-parent\" data-id=\"6d9e279\" data-element_type=\"container\">\n\t\t\t\t<div class=\"elementor-element elementor-element-a19b1a5 elementor-widget-divider--view-line elementor-widget elementor-widget-divider\" data-id=\"a19b1a5\" data-element_type=\"widget\" data-widget_type=\"divider.default\">\n\t\t\t\t<div class=\"elementor-widget-container\">\n\t\t\t\t\t\t\t<div class=\"elementor-divider\">\n\t\t\t<span class=\"elementor-divider-separator\">\n\t\t\t\t\t\t<\/span>\n\t\t<\/div>\n\t\t\t\t\t\t<\/div>\n\t\t\t\t<\/div>\n\t\t\t\t<\/div>\n\t\t<div class=\"elementor-element elementor-element-0c16348 e-con-full elementor-hidden-desktop elementor-hidden-tablet e-flex e-con e-parent\" data-id=\"0c16348\" data-element_type=\"container\">\n\t\t\t\t<div class=\"elementor-element elementor-element-6286337 elementor-widget-divider--view-line elementor-widget elementor-widget-divider\" data-id=\"6286337\" data-element_type=\"widget\" data-widget_type=\"divider.default\">\n\t\t\t\t<div class=\"elementor-widget-container\">\n\t\t\t\t\t\t\t<div class=\"elementor-divider\">\n\t\t\t<span class=\"elementor-divider-separator\">\n\t\t\t\t\t\t<\/span>\n\t\t<\/div>\n\t\t\t\t\t\t<\/div>\n\t\t\t\t<\/div>\n\t\t\t\t<\/div>\n\t\t<div class=\"elementor-element elementor-element-8c991ac e-flex e-con-boxed e-con e-parent\" data-id=\"8c991ac\" data-element_type=\"container\">\n\t\t\t\t\t<div class=\"e-con-inner\">\n\t\t\t\t\t<\/div>\n\t\t\t\t<\/div>\n\t\t<div class=\"elementor-element elementor-element-ee34c26 e-flex e-con-boxed e-con e-parent\" data-id=\"ee34c26\" data-element_type=\"container\">\n\t\t\t\t\t<div class=\"e-con-inner\">\n\t\t\t\t<div class=\"elementor-element elementor-element-a6abb21 filterable-product-nav-align-left elementor-widget elementor-widget-shopengine-filterable-product-list\" data-id=\"a6abb21\" data-element_type=\"widget\" data-widget_type=\"shopengine-filterable-product-list.default\">\n\t\t\t\t<div class=\"elementor-widget-container\">\n\t\t\t\t\t<div class=\"shopengine shopengine-widget\"><\/div>\t\t\t\t<\/div>\n\t\t\t\t<\/div>\n\t\t\t\t\t<\/div>\n\t\t\t\t<\/div>\n\t\t\t\t<\/div>\n\t\t","protected":false},"excerpt":{"rendered":"<p>Categorias Guarda-Roupas Solteiro 3 Portas 2 Gavetas &#8211; Por apenas R$419,97 \u00e0 vista Avalia\u00e7\u00e3o 0 de 5(0) Cama Casal Unibox Super Mola &#8211; Por apenas R$719,97 \u00e0 vista Avalia\u00e7\u00e3o 0 de 5(0) Cama Box Casal Molas Ensacadas Ip\u00ea &#8211; Por apenas R$994,97 \u00e0 vista Avalia\u00e7\u00e3o 0 de 5(0)<\/p>\n","protected":false},"author":1,"featured_media":0,"parent":0,"menu_order":0,"comment_status":"closed","ping_status":"closed","template":"elementor_header_footer","meta":{"site-sidebar-layout":"default","site-content-layout":"","ast-site-content-layout":"","site-content-style":"default","site-sidebar-style":"default","ast-global-header-display":"","ast-banner-title-visibility":"","ast-main-header-display":"","ast-hfb-above-header-display":"","ast-hfb-below-header-display":"","ast-hfb-mobile-header-display":"","site-post-title":"","ast-breadcrumbs-content":"","ast-featured-img":"","footer-sml-layout":"","theme-transparent-header-meta":"","adv-header-id-meta":"","stick-header-meta":"","header-above-stick-meta":"","header-main-stick-meta":"","header-below-stick-meta":"","astra-migrate-meta-layouts":"default","ast-page-background-enabled":"default","ast-page-background-meta":{"desktop":{"background-color":"var(--ast-global-color-4)","background-image":"","background-repeat":"repeat","background-position":"center center","background-size":"auto","background-attachment":"scroll","background-type":"","background-media":"","overlay-type":"","overlay-color":"","overlay-gradient":""},"tablet":{"background-color":"","background-image":"","background-repeat":"repeat","background-position":"center center","background-size":"auto","background-attachment":"scroll","background-type":"","background-media":"","overlay-type":"","overlay-color":"","overlay-gradient":""},"mobile":{"background-color":"","background-image":"","background-repeat":"repeat","background-position":"center center","background-size":"auto","background-attachment":"scroll","background-type":"","background-media":"","overlay-type":"","overlay-color":"","overlay-gradient":""}},"ast-content-background-meta":{"desktop":{"background-color":"var(--ast-global-color-5)","background-image":"","background-repeat":"repeat","background-position":"center center","background-size":"auto","background-attachment":"scroll","background-type":"","background-media":"","overlay-type":"","overlay-color":"","overlay-gradient":""},"tablet":{"background-color":"var(--ast-global-color-5)","background-image":"","background-repeat":"repeat","background-position":"center center","background-size":"auto","background-attachment":"scroll","background-type":"","background-media":"","overlay-type":"","overlay-color":"","overlay-gradient":""},"mobile":{"background-color":"var(--ast-global-color-5)","background-image":"","background-repeat":"repeat","background-position":"center center","background-size":"auto","background-attachment":"scroll","background-type":"","background-media":"","overlay-type":"","overlay-color":"","overlay-gradient":""}},"footnotes":""},"_links":{"self":[{"href":"https:\/\/mercadaomoveis.com\/index.php\/wp-json\/wp\/v2\/pages\/31"}],"collection":[{"href":"https:\/\/mercadaomoveis.com\/index.php\/wp-json\/wp\/v2\/pages"}],"about":[{"href":"https:\/\/mercadaomoveis.com\/index.php\/wp-json\/wp\/v2\/types\/page"}],"author":[{"embeddable":true,"href":"https:\/\/mercadaomoveis.com\/index.php\/wp-json\/wp\/v2\/users\/1"}],"replies":[{"embeddable":true,"href":"https:\/\/mercadaomoveis.com\/index.php\/wp-json\/wp\/v2\/comments?post=31"}],"version-history":[{"count":386,"href":"https:\/\/mercadaomoveis.com\/index.php\/wp-json\/wp\/v2\/pages\/31\/revisions"}],"predecessor-version":[{"id":986,"href":"https:\/\/mercadaomoveis.com\/index.php\/wp-json\/wp\/v2\/pages\/31\/revisions\/986"}],"wp:attachment":[{"href":"https:\/\/mercadaomoveis.com\/index.php\/wp-json\/wp\/v2\/media?parent=31"}],"curies":[{"name":"wp","href":"https:\/\/api.w.org\/{rel}","templated":true}]}}